{"id":19,"date":"2023-04-25T07:18:17","date_gmt":"2023-04-25T07:18:17","guid":{"rendered":"https:\/\/zoldszamar.hu\/?page_id=19"},"modified":"2023-04-25T08:40:40","modified_gmt":"2023-04-25T08:40:40","slug":"fooldal","status":"publish","type":"page","link":"https:\/\/zoldszamar.hu\/","title":{"rendered":"F\u0151oldal"},"content":{"rendered":"\n<figure class=\"wp-block-image size-full\"><img loading=\"lazy\" decoding=\"async\" width=\"900\" height=\"657\" src=\"https:\/\/zoldszamar.hu\/wp-content\/uploads\/2023\/04\/fooldal_uj_2.png\" alt=\"\" class=\"wp-image-68\" srcset=\"https:\/\/zoldszamar.hu\/wp-content\/uploads\/2023\/04\/fooldal_uj_2.png 900w, https:\/\/zoldszamar.hu\/wp-content\/uploads\/2023\/04\/fooldal_uj_2-300x219.png 300w, https:\/\/zoldszamar.hu\/wp-content\/uploads\/2023\/04\/fooldal_uj_2-768x561.png 768w\" sizes=\"auto, (max-width: 900px) 100vw, 900px\" \/><\/figure>\n\n\n<div>\n<div style=\"width: 40%; float: left;\">\n\t<a target=\"_blank\" href=\"https:\/\/www.facebook.com\/Zoldszamar\/\" rel=\"noopener\"><br>\n\t<img decoding=\"async\" src=\"https:\/\/zoldszamar.hu\/wp-content\/uploads\/2023\/04\/fb_zoldszamar.png\"><\/a>\n\t<\/div>\n<div style=\"width: 40%; float: right;\">\n\t<a target=\"_blank\" href=\"tel:+36302658813\" rel=\"noopener\"><br>\n\t<img decoding=\"async\" src=\"https:\/\/zoldszamar.hu\/wp-content\/uploads\/2023\/04\/tel_zoldszamar.png\"><\/a>\n\t<\/div>\n<\/div>\n<div style=\"clear: both;\">\n<div style=\"width: 40%; float: left;\">\n\t<a target=\"_blank\" href=\"https:\/\/www.instagram.com\/zoldszamarbolt\/\" rel=\"noopener\"><br>\n\t<img decoding=\"async\" src=\"https:\/\/zoldszamar.hu\/wp-content\/uploads\/2023\/04\/insta_zoldszamar.png\"><\/a>\n\t<\/div>\n<div style=\"width: 40%; float: right; padding-top: 40px;\">\n\t<img decoding=\"async\" src=\"https:\/\/zoldszamar.hu\/wp-content\/uploads\/2023\/04\/www.png\">\n\t<\/div>\n<\/div>","protected":false},"excerpt":{"rendered":"","protected":false},"author":2,"featured_media":0,"parent":0,"menu_order":0,"comment_status":"closed","ping_status":"closed","template":"","meta":{"footnotes":""},"class_list":["post-19","page","type-page","status-publish","hentry"],"yoast_head":"<!-- This site is optimized with the Yoast SEO plugin v19.14 - https:\/\/yoast.com\/wordpress\/plugins\/seo\/ -->\n<title>F\u0151oldal - Z\u00f6ldszam\u00e1r<\/title>\n<meta name=\"robots\" content=\"index, follow, max-snippet:-1, max-image-preview:large, max-video-preview:-1\" \/>\n<link rel=\"canonical\" href=\"https:\/\/zoldszamar.hu\/\" \/>\n<meta property=\"og:locale\" content=\"hu_HU\" \/>\n<meta property=\"og:type\" content=\"article\" \/>\n<meta property=\"og:title\" content=\"F\u0151oldal - Z\u00f6ldszam\u00e1r\" \/>\n<meta property=\"og:url\" content=\"https:\/\/zoldszamar.hu\/\" \/>\n<meta property=\"og:site_name\" content=\"Z\u00f6ldszam\u00e1r\" \/>\n<meta property=\"article:modified_time\" content=\"2023-04-25T08:40:40+00:00\" \/>\n<meta property=\"og:image\" content=\"https:\/\/zoldszamar.hu\/wp-content\/uploads\/2023\/04\/fooldal_uj_2.png\" \/>\n<meta name=\"twitter:card\" content=\"summary_large_image\" \/>\n<script type=\"application\/ld+json\" class=\"yoast-schema-graph\">{\"@context\":\"https:\/\/schema.org\",\"@graph\":[{\"@type\":\"WebPage\",\"@id\":\"https:\/\/zoldszamar.hu\/\",\"url\":\"https:\/\/zoldszamar.hu\/\",\"name\":\"F\u0151oldal - Z\u00f6ldszam\u00e1r\",\"isPartOf\":{\"@id\":\"https:\/\/zoldszamar.hu\/#website\"},\"datePublished\":\"2023-04-25T07:18:17+00:00\",\"dateModified\":\"2023-04-25T08:40:40+00:00\",\"breadcrumb\":{\"@id\":\"https:\/\/zoldszamar.hu\/#breadcrumb\"},\"inLanguage\":\"hu\",\"potentialAction\":[{\"@type\":\"ReadAction\",\"target\":[\"https:\/\/zoldszamar.hu\/\"]}]},{\"@type\":\"BreadcrumbList\",\"@id\":\"https:\/\/zoldszamar.hu\/#breadcrumb\",\"itemListElement\":[{\"@type\":\"ListItem\",\"position\":1,\"name\":\"Kezd\u0151lap\",\"item\":\"https:\/\/zoldszamar.hu\/\"},{\"@type\":\"ListItem\",\"position\":2,\"name\":\"F\u0151oldal\"}]},{\"@type\":\"WebSite\",\"@id\":\"https:\/\/zoldszamar.hu\/#website\",\"url\":\"https:\/\/zoldszamar.hu\/\",\"name\":\"Z\u00f6ldszam\u00e1r\",\"description\":\"Eg\u00e9szs\u00e9ges \u00e9s k\u00f6rnyezetbar\u00e1t term\u00e9kek vegyesboltja\",\"potentialAction\":[{\"@type\":\"SearchAction\",\"target\":{\"@type\":\"EntryPoint\",\"urlTemplate\":\"https:\/\/zoldszamar.hu\/?s={search_term_string}\"},\"query-input\":\"required name=search_term_string\"}],\"inLanguage\":\"hu\"}]}<\/script>\n<!-- \/ Yoast SEO plugin. -->","yoast_head_json":{"title":"F\u0151oldal - Z\u00f6ldszam\u00e1r","robots":{"index":"index","follow":"follow","max-snippet":"max-snippet:-1","max-image-preview":"max-image-preview:large","max-video-preview":"max-video-preview:-1"},"canonical":"https:\/\/zoldszamar.hu\/","og_locale":"hu_HU","og_type":"article","og_title":"F\u0151oldal - Z\u00f6ldszam\u00e1r","og_url":"https:\/\/zoldszamar.hu\/","og_site_name":"Z\u00f6ldszam\u00e1r","article_modified_time":"2023-04-25T08:40:40+00:00","og_image":[{"url":"https:\/\/zoldszamar.hu\/wp-content\/uploads\/2023\/04\/fooldal_uj_2.png"}],"twitter_card":"summary_large_image","schema":{"@context":"https:\/\/schema.org","@graph":[{"@type":"WebPage","@id":"https:\/\/zoldszamar.hu\/","url":"https:\/\/zoldszamar.hu\/","name":"F\u0151oldal - Z\u00f6ldszam\u00e1r","isPartOf":{"@id":"https:\/\/zoldszamar.hu\/#website"},"datePublished":"2023-04-25T07:18:17+00:00","dateModified":"2023-04-25T08:40:40+00:00","breadcrumb":{"@id":"https:\/\/zoldszamar.hu\/#breadcrumb"},"inLanguage":"hu","potentialAction":[{"@type":"ReadAction","target":["https:\/\/zoldszamar.hu\/"]}]},{"@type":"BreadcrumbList","@id":"https:\/\/zoldszamar.hu\/#breadcrumb","itemListElement":[{"@type":"ListItem","position":1,"name":"Kezd\u0151lap","item":"https:\/\/zoldszamar.hu\/"},{"@type":"ListItem","position":2,"name":"F\u0151oldal"}]},{"@type":"WebSite","@id":"https:\/\/zoldszamar.hu\/#website","url":"https:\/\/zoldszamar.hu\/","name":"Z\u00f6ldszam\u00e1r","description":"Eg\u00e9szs\u00e9ges \u00e9s k\u00f6rnyezetbar\u00e1t term\u00e9kek vegyesboltja","potentialAction":[{"@type":"SearchAction","target":{"@type":"EntryPoint","urlTemplate":"https:\/\/zoldszamar.hu\/?s={search_term_string}"},"query-input":"required name=search_term_string"}],"inLanguage":"hu"}]}},"_links":{"self":[{"href":"https:\/\/zoldszamar.hu\/index.php?rest_route=\/wp\/v2\/pages\/19","targetHints":{"allow":["GET"]}}],"collection":[{"href":"https:\/\/zoldszamar.hu\/index.php?rest_route=\/wp\/v2\/pages"}],"about":[{"href":"https:\/\/zoldszamar.hu\/index.php?rest_route=\/wp\/v2\/types\/page"}],"author":[{"embeddable":true,"href":"https:\/\/zoldszamar.hu\/index.php?rest_route=\/wp\/v2\/users\/2"}],"replies":[{"embeddable":true,"href":"https:\/\/zoldszamar.hu\/index.php?rest_route=%2Fwp%2Fv2%2Fcomments&post=19"}],"version-history":[{"count":28,"href":"https:\/\/zoldszamar.hu\/index.php?rest_route=\/wp\/v2\/pages\/19\/revisions"}],"predecessor-version":[{"id":72,"href":"https:\/\/zoldszamar.hu\/index.php?rest_route=\/wp\/v2\/pages\/19\/revisions\/72"}],"wp:attachment":[{"href":"https:\/\/zoldszamar.hu\/index.php?rest_route=%2Fwp%2Fv2%2Fmedia&parent=19"}],"curies":[{"name":"wp","href":"https:\/\/api.w.org\/{rel}","templated":true}]}}